{"id":36170,"date":"2026-04-24T12:20:27","date_gmt":"2026-04-24T08:20:27","guid":{"rendered":"https:\/\/coptertech.ge\/?post_type=product&#038;p=36170"},"modified":"2026-04-24T12:40:31","modified_gmt":"2026-04-24T08:40:31","slug":"insta360-link-2-pro","status":"publish","type":"product","link":"https:\/\/coptertech.ge\/en\/product\/insta360-link-2-pro\/","title":{"rendered":"Insta360 Link 2 Pro"},"content":{"rendered":"<p>[spb_text_block animation=&#8221;none&#8221; animation_delay=&#8221;0&#8243; simplified_controls=&#8221;yes&#8221; custom_css_percentage=&#8221;no&#8221; padding_vertical=&#8221;0&#8243; padding_horizontal=&#8221;0&#8243; margin_vertical=&#8221;0&#8243; custom_css=&#8221;margin-top: 0px;margin-bottom: 0px;&#8221; border_size=&#8221;0&#8243; border_styling_global=&#8221;default&#8221; width=&#8221;1\/1&#8243; el_position=&#8221;first last&#8221;]<\/p>\n<h1 style=\"text-align: center;\"><strong>The Highlights<\/strong><\/h1>\n<p>[\/spb_text_block] [spb_image image=&#8221;36173&#8243; image_size=&#8221;full&#8221; frame=&#8221;noframe&#8221; caption_pos=&#8221;hover&#8221; remove_rounded=&#8221;yes&#8221; fullwidth=&#8221;no&#8221; overflow_mode=&#8221;none&#8221; link_target=&#8221;_self&#8221; lightbox=&#8221;no&#8221; intro_animation=&#8221;none&#8221; animation_delay=&#8221;200&#8243; width=&#8221;1\/4&#8243; el_position=&#8221;first&#8221;]<\/p>\n<p style=\"text-align: center;\">Lifelike clarity and detail in any lighting, powered by a flagship 1\/1.3&#8243; sensor with outstanding low-light performance.<\/p>\n<p>[\/spb_image] [spb_image image=&#8221;36175&#8243; image_size=&#8221;full&#8221; frame=&#8221;noframe&#8221; caption_pos=&#8221;hover&#8221; remove_rounded=&#8221;yes&#8221; fullwidth=&#8221;no&#8221; overflow_mode=&#8221;none&#8221; link_target=&#8221;_self&#8221; lightbox=&#8221;no&#8221; intro_animation=&#8221;none&#8221; animation_delay=&#8221;200&#8243; width=&#8221;1\/4&#8243;]<\/p>\n<p style=\"text-align: center;\">Dual Native ISO with HDR preserves bright highlights and deep shadows simultaneously for a realistic, balanced result.<\/p>\n<p>[\/spb_image] [spb_image image=&#8221;36177&#8243; image_size=&#8221;full&#8221; frame=&#8221;noframe&#8221; caption_pos=&#8221;hover&#8221; remove_rounded=&#8221;yes&#8221; fullwidth=&#8221;no&#8221; overflow_mode=&#8221;none&#8221; link_target=&#8221;_self&#8221; lightbox=&#8221;no&#8221; intro_animation=&#8221;none&#8221; animation_delay=&#8221;200&#8243; width=&#8221;1\/4&#8243;]<\/p>\n<p style=\"text-align: center;\">Capture your voice clearly while suppressing unwanted noise from outside pickup zones, with four unique audio modes.<\/p>\n<p>[\/spb_image] [spb_image image=&#8221;36179&#8243; image_size=&#8221;full&#8221; frame=&#8221;noframe&#8221; caption_pos=&#8221;hover&#8221; remove_rounded=&#8221;yes&#8221; fullwidth=&#8221;no&#8221; overflow_mode=&#8221;none&#8221; link_target=&#8221;_self&#8221; lightbox=&#8221;no&#8221; intro_animation=&#8221;none&#8221; animation_delay=&#8221;200&#8243; width=&#8221;1\/4&#8243; el_position=&#8221;last&#8221;]<\/p>\n<p style=\"text-align: center;\">Clear, distraction-free audio powered by advanced AI algorithms. Speak freely even in noisy home or office environments.<\/p>\n<p>[\/spb_image] [spb_image image=&#8221;36181&#8243; image_size=&#8221;full&#8221; frame=&#8221;noframe&#8221; caption_pos=&#8221;hover&#8221; remove_rounded=&#8221;yes&#8221; fullwidth=&#8221;no&#8221; overflow_mode=&#8221;none&#8221; link_target=&#8221;_self&#8221; lightbox=&#8221;no&#8221; intro_animation=&#8221;none&#8221; animation_delay=&#8221;200&#8243; width=&#8221;1\/4&#8243; el_position=&#8221;first&#8221;]<\/p>\n<p style=\"text-align: center;\">Always stay centered with intelligent 2-axis gimbal tracking or smart auto framing.<\/p>\n<p>[\/spb_image] [spb_image image=&#8221;36183&#8243; image_size=&#8221;full&#8221; frame=&#8221;noframe&#8221; caption_pos=&#8221;hover&#8221; remove_rounded=&#8221;yes&#8221; fullwidth=&#8221;no&#8221; overflow_mode=&#8221;none&#8221; link_target=&#8221;_self&#8221; lightbox=&#8221;no&#8221; intro_animation=&#8221;none&#8221; animation_delay=&#8221;200&#8243; width=&#8221;1\/4&#8243;]<\/p>\n<p style=\"text-align: center;\">Intelligently recognizes people and adjusts depth of field in real time. Professional, cinematic, keeping you clear and sharp.<\/p>\n<p>[\/spb_image] [spb_image image=&#8221;36185&#8243; image_size=&#8221;full&#8221; frame=&#8221;noframe&#8221; caption_pos=&#8221;hover&#8221; remove_rounded=&#8221;yes&#8221; fullwidth=&#8221;no&#8221; overflow_mode=&#8221;none&#8221; link_target=&#8221;_self&#8221; lightbox=&#8221;no&#8221; intro_animation=&#8221;none&#8221; animation_delay=&#8221;200&#8243; width=&#8221;1\/4&#8243;]<\/p>\n<p style=\"text-align: center;\">Control Link 2 Pro effortlessly using gestures, the Link Controller software, or via your smartphone.<\/p>\n<p>[\/spb_image] [spb_image image=&#8221;36187&#8243; image_size=&#8221;full&#8221; frame=&#8221;noframe&#8221; caption_pos=&#8221;hover&#8221; remove_rounded=&#8221;yes&#8221; fullwidth=&#8221;no&#8221; overflow_mode=&#8221;none&#8221; link_target=&#8221;_self&#8221; lightbox=&#8221;no&#8221; intro_animation=&#8221;none&#8221; animation_delay=&#8221;200&#8243; width=&#8221;1\/4&#8243; el_position=&#8221;last&#8221;]<\/p>\n<p style=\"text-align: center;\">Switch modes, trigger presets, or manage multiple cameras instantly. Perfect for creators, educators, and streamers.<\/p>\n<p>[\/spb_image] [spb_text_block title=&#8221;Specs&#8221; animation=&#8221;none&#8221; animation_delay=&#8221;0&#8243; simplified_controls=&#8221;yes&#8221; custom_css_percentage=&#8221;no&#8221; padding_vertical=&#8221;0&#8243; padding_horizontal=&#8221;0&#8243; margin_vertical=&#8221;0&#8243; custom_css=&#8221;margin-top: 0px;margin-bottom: 0px;&#8221; border_size=&#8221;0&#8243; border_styling_global=&#8221;default&#8221; width=&#8221;1\/3&#8243; el_position=&#8221;first&#8221;]<\/p>\n<div>\n<h2 class=\"THtsv0zo\">Video<\/h2>\n<\/div>\n<div class=\"r_UrqmWQ\"><strong>Sensor Size<\/strong><\/div>\n<div class=\"wPMiodZH\">1\/1.3&#8243;<\/div>\n<div><\/div>\n<div>\n<div class=\"r_UrqmWQ\"><strong>Video Resolution<\/strong><\/div>\n<div class=\"wPMiodZH\"><span class=\"cY_OoK_L\">Landscape:<\/span> 4K@30\/25\/24fps 1080p@60\/50\/30\/25\/24fps 720p@60\/50\/30\/25\/24fps 360p@30\/25\/24fps <span class=\"cY_OoK_L\">Portrait:<\/span> 4K@30\/25\/24fps 1080p@60\/50\/30\/25\/24fps 720p@60\/50\/30\/25\/24fps<\/div>\n<\/div>\n<div><\/div>\n<div>\n<div class=\"r_UrqmWQ\"><strong>Video Coding Format<\/strong><\/div>\n<div class=\"wPMiodZH\">H.264, MJPEG (4K and 1080p60fps Portrait mode do not support H.264)<\/div>\n<\/div>\n<div><\/div>\n<div>\n<div class=\"r_UrqmWQ\"><strong>Exposure Compensation<\/strong><\/div>\n<div class=\"wPMiodZH\">\u00b13 EV<\/div>\n<div><\/div>\n<\/div>\n<div>\n<div class=\"r_UrqmWQ\"><strong>ISO<\/strong><\/div>\n<div class=\"wPMiodZH\">Dual Native ISO 100~3200<\/div>\n<div><\/div>\n<\/div>\n<div>\n<div class=\"r_UrqmWQ\"><strong>Shutter Speed<\/strong><\/div>\n<div class=\"wPMiodZH\">1\/8000~1\/30s<\/div>\n<div><\/div>\n<div class=\"wPMiodZH\"><strong>White Balance<\/strong><\/div>\n<div>\n<div class=\"wPMiodZH\">2000~10000K<\/div>\n<\/div>\n<div>\n<div><\/div>\n<div class=\"r_UrqmWQ\"><strong>Aperture<\/strong><\/div>\n<div class=\"wPMiodZH\">F\/1.9<\/div>\n<div><\/div>\n<\/div>\n<div>\n<div class=\"r_UrqmWQ\"><strong>35mm Equivalent Focal Length<\/strong><\/div>\n<div class=\"wPMiodZH\">24 mm<\/div>\n<\/div>\n<\/div>\n<div><\/div>\n<div>\n<div class=\"r_UrqmWQ\"><strong>Fixed FOV<\/strong><\/div>\n<div class=\"wPMiodZH\">83.9\u00ba DFOV, 71.4\u00ba HFOV<\/div>\n<\/div>\n<div><\/div>\n<div>\n<div class=\"r_UrqmWQ\"><strong>Digital Zoom<\/strong><\/div>\n<div class=\"wPMiodZH\">Up to 4\u00d7<\/div>\n<\/div>\n<div><\/div>\n<div>\n<div class=\"r_UrqmWQ\"><strong>Autofocus<\/strong><\/div>\n<div class=\"wPMiodZH\">Supported (Focus distance: 12cm\u2013\u221e)<\/div>\n<\/div>\n<div><\/div>\n<div>\n<div class=\"r_UrqmWQ\"><strong>HDR<\/strong><\/div>\n<div class=\"wPMiodZH\">Supported<\/div>\n<\/div>\n<div><\/div>\n<div>\n<div class=\"r_UrqmWQ\"><strong>Microphones<\/strong><\/div>\n<div class=\"wPMiodZH\">2<\/div>\n<\/div>\n<div><\/div>\n<div>\n<div class=\"r_UrqmWQ\"><strong>Noise Reduction<\/strong><\/div>\n<div class=\"wPMiodZH\">AI Noise-Canceling<\/div>\n<\/div>\n<div><\/div>\n<div>\n<div class=\"r_UrqmWQ\"><strong>Audio Modes<\/strong><\/div>\n<div class=\"wPMiodZH\">Standard, Wide, Focus, Original<\/div>\n<\/div>\n<div><\/div>\n<div>\n<div class=\"r_UrqmWQ\"><strong>Modes<\/strong><\/div>\n<div class=\"wPMiodZH\">Auto Framing, Smart Whiteboard, DeskView, Virtual Background<\/div>\n<\/div>\n<p>[\/spb_text_block] [spb_text_block title=&#8221;Specs&#8221; animation=&#8221;none&#8221; animation_delay=&#8221;0&#8243; simplified_controls=&#8221;yes&#8221; custom_css_percentage=&#8221;no&#8221; padding_vertical=&#8221;0&#8243; padding_horizontal=&#8221;0&#8243; margin_vertical=&#8221;0&#8243; custom_css=&#8221;margin-top: 0px;margin-bottom: 0px;&#8221; border_size=&#8221;0&#8243; border_styling_global=&#8221;default&#8221; width=&#8221;1\/3&#8243;]<\/p>\n<div>\n<h2 class=\"THtsv0zo\"><strong>System Requirements<\/strong><\/h2>\n<\/div>\n<div>\n<div class=\"wPMiodZH\"><strong><span class=\"cY_OoK_L\">CPU<\/span><\/strong><\/div>\n<div class=\"wPMiodZH\">i5-5 generation or later (advanced features require i5-10 generation or later)<\/div>\n<div><\/div>\n<div class=\"wPMiodZH\"><strong><span class=\"cY_OoK_L\">RAM<\/span><\/strong><\/div>\n<div class=\"wPMiodZH\">8GB or above (advanced features require 16GB or above)<\/div>\n<div><\/div>\n<div class=\"wPMiodZH\"><strong><span class=\"cY_OoK_L\">Link Controller<\/span><\/strong> Windows: Windows 10 or later. Does not support ARM-based Windows. Mac: macOS 10.13 or later. Virtual Camera requires macOS 13.0 or later.<\/div>\n<div><\/div>\n<div><strong><span class=\"cY_OoK_L\">Background Blur &amp; Background Replacer Windows:<\/span><\/strong><\/div>\n<div>Supports all NVIDIA GPUs. AMD GPUs may experience compatibility issues; please contact the Insta360 Customer Service team before purchasing. Verified AMD GPUs include Radeon (TM), RX Vega 10, 780M, RX 560, RX 6600 and RX 6750 GRE.<\/div>\n<div><\/div>\n<div><strong><span class=\"cY_OoK_L\">Mac:<\/span><\/strong> macOS 13.0 or later.<\/div>\n<div><\/div>\n<div><strong><span class=\"cY_OoK_L\">Green Screen<\/span><\/strong><\/div>\n<div>Windows (NVIDIA GTX 1050 Ti &amp; above): Up to 4K<\/div>\n<div>Windows (NVIDIA below 1050 Ti): Not supported<\/div>\n<div>Windows (Non-NVIDIA GPUs)\uff1a Up to 4K<\/div>\n<div>macOS (Apple Silicon): Up to 4K<\/div>\n<div>macOS (Intel)\uff1a Up to 1080p<\/div>\n<\/div>\n<div><\/div>\n<div><strong><span class=\"cY_OoK_L\">Natural Bokeh Windows:<\/span><\/strong><\/div>\n<div>NVIDIA GTX 1080 or later, RTX 2060 or later GPUs. Does not support AMD GPUs.<\/div>\n<div>Resolution support (depends on GPU capability):<\/div>\n<div>Desktop GPUs:<\/div>\n<div>Compute capability 8.6 or higher: Supports 4K and below<\/div>\n<div>Compute capability below 7.5: Supports 1080p and below<\/div>\n<div>Laptop GPUs: Compute capability 8.9 or higher: Supports 4K and below Compute capability below 8.6: Supports 1080p and below<\/div>\n<div>For GPU specs, visit NVIDIA\u2019s official page.<\/div>\n<div><\/div>\n<div><strong><span class=\"cY_OoK_L\">Mac:<\/span> <\/strong><\/div>\n<div>M1 chip or later. Does not support Intel chips.<\/div>\n<div><\/div>\n<div>*Insta360 Virtual Camera is automatically installed with Link Controller. Virtual Camera supports Smart Whiteboard Mode, Natural Bokeh, Background Blur, Background Replacer, Beautify and Makeup. Virtual Camera does not support 50fps or 60fps. Beautify and Makeup do not support 4K resolution.<\/div>\n<p>[\/spb_text_block] [spb_text_block title=&#8221;Specs&#8221; animation=&#8221;none&#8221; animation_delay=&#8221;0&#8243; simplified_controls=&#8221;yes&#8221; custom_css_percentage=&#8221;no&#8221; padding_vertical=&#8221;0&#8243; padding_horizontal=&#8221;0&#8243; margin_vertical=&#8221;0&#8243; custom_css=&#8221;margin-top: 0px;margin-bottom: 0px;&#8221; border_size=&#8221;0&#8243; border_styling_global=&#8221;default&#8221; width=&#8221;1\/3&#8243; el_position=&#8221;last&#8221;]<\/p>\n<div>\n<h2 class=\"THtsv0zo\"><strong>Gimbal<\/strong><\/h2>\n<\/div>\n<div class=\"r_UrqmWQ\">\n<div class=\"r_UrqmWQ\"><strong>Gimbal<\/strong><\/div>\n<div class=\"wPMiodZH\">2-Axis<\/div>\n<\/div>\n<div><\/div>\n<div><\/div>\n<div>\n<div class=\"wPMiodZH\">\n<h2 class=\"THtsv0zo\"><strong>Hardware<\/strong><\/h2>\n<div>\n<div class=\"Kwd7aXH_\">\n<div class=\"r_UrqmWQ\"><strong>Button<\/strong><\/div>\n<div class=\"wPMiodZH\">1\u00d7 Touch Key<\/div>\n<\/div>\n<\/div>\n<\/div>\n<\/div>\n<div><\/div>\n<div>\n<div class=\"r_UrqmWQ\"><strong>Connectivity<\/strong><\/div>\n<div class=\"wPMiodZH\">USB-C Cable (USB 2.0) or USB-C to USB-A adapter<\/div>\n<\/div>\n<div><\/div>\n<div>\n<div class=\"r_UrqmWQ\"><strong>Power Consumption<\/strong><\/div>\n<div class=\"wPMiodZH\">5V\/1A<\/div>\n<\/div>\n<div><\/div>\n<div>\n<div class=\"r_UrqmWQ\"><strong>Mounting Options<\/strong><\/div>\n<div class=\"wPMiodZH\">Magnetic Mount with 1\/4&#8243; mounting point for external tripod<\/div>\n<\/div>\n<div><\/div>\n<div>\n<div class=\"r_UrqmWQ\"><strong>Dimensions (W x H x D)<\/strong><\/div>\n<div class=\"wPMiodZH\">71.3\u00d758.9\u00d738mm (2.8\u00d72.3\u00d71.5in)<\/div>\n<\/div>\n<div><\/div>\n<div>\n<div class=\"r_UrqmWQ\"><strong>Weight<\/strong><\/div>\n<div class=\"wPMiodZH\">Without Magnetic Mount: 102.5g (3.6oz) With Magnetic Mount: 167.5g (5.9oz)<\/div>\n<\/div>\n<div><\/div>\n<div>\n<div class=\"r_UrqmWQ\"><strong>Operating Temperature<\/strong><\/div>\n<div class=\"wPMiodZH\">32\u00b0F to 104\u00b0F (0\u00b0C to 40\u2103) *Tested in a lab environment.<\/div>\n<\/div>\n<div><\/div>\n<div>\n<div class=\"r_UrqmWQ\"><strong>Color<\/strong><\/div>\n<div class=\"wPMiodZH\">Graphite Black<\/div>\n<\/div>\n<p>[\/spb_text_block]<\/p>\n","protected":false},"excerpt":{"rendered":"<p>[spb_text_block animation=&#8221;none&#8221; animation_delay=&#8221;0&#8243; simplified_controls=&#8221;yes&#8221; custom_css_percentage=&#8221;no&#8221; padding_vertical=&#8221;0&#8243; padding_horizontal=&#8221;0&#8243; margin_vertical=&#8221;0&#8243; custom_css=&#8221;margin-top: 0px;margin-bottom: 0px;&#8221; border_size=&#8221;0&#8243; border_styling_global=&#8221;default&#8221; width=&#8221;1\/1&#8243; el_position=&#8221;first last&#8221;] The Highlights [\/spb_text_block] [spb_image image=&#8221;36173&#8243; image_size=&#8221;full&#8221; frame=&#8221;noframe&#8221; caption_pos=&#8221;hover&#8221; remove_rounded=&#8221;yes&#8221; fullwidth=&#8221;no&#8221; overflow_mode=&#8221;none&#8221; link_target=&#8221;_self&#8221; lightbox=&#8221;no&#8221; intro_animation=&#8221;none&#8221; animation_delay=&#8221;200&#8243; width=&#8221;1\/4&#8243; el_position=&#8221;first&#8221;] Lifelike clarity and detail in any lighting, powered by a flagship 1\/1.3&#8243; sensor with outstanding low-light performance. [\/spb_image] [spb_image image=&#8221;36175&#8243; image_size=&#8221;full&#8221; frame=&#8221;noframe&#8221; caption_pos=&#8221;hover&#8221; remove_rounded=&#8221;yes&#8221; fullwidth=&#8221;no&#8221; overflow_mode=&#8221;none&#8221; link_target=&#8221;_self&#8221; [&hellip;]<\/p>\n","protected":false},"featured_media":36171,"template":"","meta":[],"product_brand":[],"product_cat":[429],"product_tag":[],"class_list":{"0":"post-36170","1":"product","2":"type-product","3":"status-publish","4":"has-post-thumbnail","6":"product_cat-insta360-en","8":"first","9":"outofstock","10":"shipping-taxable","11":"purchasable","12":"product-type-simple"},"yoast_head":"<!-- This site is optimized with the Yoast SEO plugin v27.4 - https:\/\/yoast.com\/product\/yoast-seo-wordpress\/ -->\n<title>Insta360 Link 2 Pro - Copter<\/title>\n<meta name=\"robots\" content=\"index, follow, max-snippet:-1, max-image-preview:large, max-video-preview:-1\" \/>\n<link rel=\"canonical\" href=\"https:\/\/coptertech.ge\/en\/product\/insta360-link-2-pro\/\" \/>\n<meta property=\"og:locale\" content=\"en_US\" \/>\n<meta property=\"og:type\" content=\"article\" \/>\n<meta property=\"og:title\" content=\"Insta360 Link 2 Pro - Copter\" \/>\n<meta property=\"og:description\" content=\"[spb_text_block animation=&#8221;none&#8221; animation_delay=&#8221;0&#8243; simplified_controls=&#8221;yes&#8221; custom_css_percentage=&#8221;no&#8221; padding_vertical=&#8221;0&#8243; padding_horizontal=&#8221;0&#8243; margin_vertical=&#8221;0&#8243; custom_css=&#8221;margin-top: 0px;margin-bottom: 0px;&#8221; border_size=&#8221;0&#8243; border_styling_global=&#8221;default&#8221; width=&#8221;1\/1&#8243; el_position=&#8221;first last&#8221;] The Highlights [\/spb_text_block] [spb_image image=&#8221;36173&#8243; image_size=&#8221;full&#8221; frame=&#8221;noframe&#8221; caption_pos=&#8221;hover&#8221; remove_rounded=&#8221;yes&#8221; fullwidth=&#8221;no&#8221; overflow_mode=&#8221;none&#8221; link_target=&#8221;_self&#8221; lightbox=&#8221;no&#8221; intro_animation=&#8221;none&#8221; animation_delay=&#8221;200&#8243; width=&#8221;1\/4&#8243; el_position=&#8221;first&#8221;] Lifelike clarity and detail in any lighting, powered by a flagship 1\/1.3&#8243; sensor with outstanding low-light performance. [\/spb_image] [spb_image image=&#8221;36175&#8243; image_size=&#8221;full&#8221; frame=&#8221;noframe&#8221; caption_pos=&#8221;hover&#8221; remove_rounded=&#8221;yes&#8221; fullwidth=&#8221;no&#8221; overflow_mode=&#8221;none&#8221; link_target=&#8221;_self&#8221; [&hellip;]\" \/>\n<meta property=\"og:url\" content=\"https:\/\/coptertech.ge\/en\/product\/insta360-link-2-pro\/\" \/>\n<meta property=\"og:site_name\" content=\"Copter\" \/>\n<meta property=\"article:modified_time\" content=\"2026-04-24T08:40:31+00:00\" \/>\n<meta property=\"og:image\" content=\"https:\/\/coptertech.ge\/wp-content\/uploads\/2026\/04\/1798_81f4240b-0fce-4abe-831b-55628c932e87.webp\" \/>\n\t<meta property=\"og:image:width\" content=\"1280\" \/>\n\t<meta property=\"og:image:height\" content=\"1280\" \/>\n\t<meta property=\"og:image:type\" content=\"image\/webp\" \/>\n<meta name=\"twitter:card\" content=\"summary_large_image\" \/>\n<meta name=\"twitter:label1\" content=\"Est. reading time\" \/>\n\t<meta name=\"twitter:data1\" content=\"4 minutes\" \/>\n<script type=\"application\/ld+json\" class=\"yoast-schema-graph\">{\"@context\":\"https:\\\/\\\/schema.org\",\"@graph\":[{\"@type\":\"WebPage\",\"@id\":\"https:\\\/\\\/coptertech.ge\\\/en\\\/product\\\/insta360-link-2-pro\\\/\",\"url\":\"https:\\\/\\\/coptertech.ge\\\/en\\\/product\\\/insta360-link-2-pro\\\/\",\"name\":\"Insta360 Link 2 Pro - Copter\",\"isPartOf\":{\"@id\":\"https:\\\/\\\/coptertech.ge\\\/en\\\/#website\"},\"primaryImageOfPage\":{\"@id\":\"https:\\\/\\\/coptertech.ge\\\/en\\\/product\\\/insta360-link-2-pro\\\/#primaryimage\"},\"image\":{\"@id\":\"https:\\\/\\\/coptertech.ge\\\/en\\\/product\\\/insta360-link-2-pro\\\/#primaryimage\"},\"thumbnailUrl\":\"https:\\\/\\\/coptertech.ge\\\/wp-content\\\/uploads\\\/2026\\\/04\\\/1798_81f4240b-0fce-4abe-831b-55628c932e87.webp\",\"datePublished\":\"2026-04-24T08:20:27+00:00\",\"dateModified\":\"2026-04-24T08:40:31+00:00\",\"breadcrumb\":{\"@id\":\"https:\\\/\\\/coptertech.ge\\\/en\\\/product\\\/insta360-link-2-pro\\\/#breadcrumb\"},\"inLanguage\":\"en-US\",\"potentialAction\":[{\"@type\":\"ReadAction\",\"target\":[\"https:\\\/\\\/coptertech.ge\\\/en\\\/product\\\/insta360-link-2-pro\\\/\"]}]},{\"@type\":\"ImageObject\",\"inLanguage\":\"en-US\",\"@id\":\"https:\\\/\\\/coptertech.ge\\\/en\\\/product\\\/insta360-link-2-pro\\\/#primaryimage\",\"url\":\"https:\\\/\\\/coptertech.ge\\\/wp-content\\\/uploads\\\/2026\\\/04\\\/1798_81f4240b-0fce-4abe-831b-55628c932e87.webp\",\"contentUrl\":\"https:\\\/\\\/coptertech.ge\\\/wp-content\\\/uploads\\\/2026\\\/04\\\/1798_81f4240b-0fce-4abe-831b-55628c932e87.webp\",\"width\":1280,\"height\":1280},{\"@type\":\"BreadcrumbList\",\"@id\":\"https:\\\/\\\/coptertech.ge\\\/en\\\/product\\\/insta360-link-2-pro\\\/#breadcrumb\",\"itemListElement\":[{\"@type\":\"ListItem\",\"position\":1,\"name\":\"Home\",\"item\":\"https:\\\/\\\/coptertech.ge\\\/en\\\/\"},{\"@type\":\"ListItem\",\"position\":2,\"name\":\"Shop\",\"item\":\"https:\\\/\\\/coptertech.ge\\\/en\\\/shop\\\/\"},{\"@type\":\"ListItem\",\"position\":3,\"name\":\"Insta360 Link 2 Pro\"}]},{\"@type\":\"WebSite\",\"@id\":\"https:\\\/\\\/coptertech.ge\\\/en\\\/#website\",\"url\":\"https:\\\/\\\/coptertech.ge\\\/en\\\/\",\"name\":\"Copter\",\"description\":\"Shop\",\"publisher\":{\"@id\":\"https:\\\/\\\/coptertech.ge\\\/en\\\/#organization\"},\"potentialAction\":[{\"@type\":\"SearchAction\",\"target\":{\"@type\":\"EntryPoint\",\"urlTemplate\":\"https:\\\/\\\/coptertech.ge\\\/en\\\/?s={search_term_string}\"},\"query-input\":{\"@type\":\"PropertyValueSpecification\",\"valueRequired\":true,\"valueName\":\"search_term_string\"}}],\"inLanguage\":\"en-US\"},{\"@type\":\"Organization\",\"@id\":\"https:\\\/\\\/coptertech.ge\\\/en\\\/#organization\",\"name\":\"Copter Tech\",\"url\":\"https:\\\/\\\/coptertech.ge\\\/en\\\/\",\"logo\":{\"@type\":\"ImageObject\",\"inLanguage\":\"en-US\",\"@id\":\"https:\\\/\\\/coptertech.ge\\\/en\\\/#\\\/schema\\\/logo\\\/image\\\/\",\"url\":\"https:\\\/\\\/coptertech.ge\\\/wp-content\\\/uploads\\\/2014\\\/12\\\/Copter-tech-logo.png\",\"contentUrl\":\"https:\\\/\\\/coptertech.ge\\\/wp-content\\\/uploads\\\/2014\\\/12\\\/Copter-tech-logo.png\",\"width\":1400,\"height\":600,\"caption\":\"Copter Tech\"},\"image\":{\"@id\":\"https:\\\/\\\/coptertech.ge\\\/en\\\/#\\\/schema\\\/logo\\\/image\\\/\"}}]}<\/script>\n<!-- \/ Yoast SEO plugin. -->","yoast_head_json":{"title":"Insta360 Link 2 Pro - Copter","robots":{"index":"index","follow":"follow","max-snippet":"max-snippet:-1","max-image-preview":"max-image-preview:large","max-video-preview":"max-video-preview:-1"},"canonical":"https:\/\/coptertech.ge\/en\/product\/insta360-link-2-pro\/","og_locale":"en_US","og_type":"article","og_title":"Insta360 Link 2 Pro - Copter","og_description":"[spb_text_block animation=&#8221;none&#8221; animation_delay=&#8221;0&#8243; simplified_controls=&#8221;yes&#8221; custom_css_percentage=&#8221;no&#8221; padding_vertical=&#8221;0&#8243; padding_horizontal=&#8221;0&#8243; margin_vertical=&#8221;0&#8243; custom_css=&#8221;margin-top: 0px;margin-bottom: 0px;&#8221; border_size=&#8221;0&#8243; border_styling_global=&#8221;default&#8221; width=&#8221;1\/1&#8243; el_position=&#8221;first last&#8221;] The Highlights [\/spb_text_block] [spb_image image=&#8221;36173&#8243; image_size=&#8221;full&#8221; frame=&#8221;noframe&#8221; caption_pos=&#8221;hover&#8221; remove_rounded=&#8221;yes&#8221; fullwidth=&#8221;no&#8221; overflow_mode=&#8221;none&#8221; link_target=&#8221;_self&#8221; lightbox=&#8221;no&#8221; intro_animation=&#8221;none&#8221; animation_delay=&#8221;200&#8243; width=&#8221;1\/4&#8243; el_position=&#8221;first&#8221;] Lifelike clarity and detail in any lighting, powered by a flagship 1\/1.3&#8243; sensor with outstanding low-light performance. [\/spb_image] [spb_image image=&#8221;36175&#8243; image_size=&#8221;full&#8221; frame=&#8221;noframe&#8221; caption_pos=&#8221;hover&#8221; remove_rounded=&#8221;yes&#8221; fullwidth=&#8221;no&#8221; overflow_mode=&#8221;none&#8221; link_target=&#8221;_self&#8221; [&hellip;]","og_url":"https:\/\/coptertech.ge\/en\/product\/insta360-link-2-pro\/","og_site_name":"Copter","article_modified_time":"2026-04-24T08:40:31+00:00","og_image":[{"width":1280,"height":1280,"url":"https:\/\/coptertech.ge\/wp-content\/uploads\/2026\/04\/1798_81f4240b-0fce-4abe-831b-55628c932e87.webp","type":"image\/webp"}],"twitter_card":"summary_large_image","twitter_misc":{"Est. reading time":"4 minutes"},"schema":{"@context":"https:\/\/schema.org","@graph":[{"@type":"WebPage","@id":"https:\/\/coptertech.ge\/en\/product\/insta360-link-2-pro\/","url":"https:\/\/coptertech.ge\/en\/product\/insta360-link-2-pro\/","name":"Insta360 Link 2 Pro - Copter","isPartOf":{"@id":"https:\/\/coptertech.ge\/en\/#website"},"primaryImageOfPage":{"@id":"https:\/\/coptertech.ge\/en\/product\/insta360-link-2-pro\/#primaryimage"},"image":{"@id":"https:\/\/coptertech.ge\/en\/product\/insta360-link-2-pro\/#primaryimage"},"thumbnailUrl":"https:\/\/coptertech.ge\/wp-content\/uploads\/2026\/04\/1798_81f4240b-0fce-4abe-831b-55628c932e87.webp","datePublished":"2026-04-24T08:20:27+00:00","dateModified":"2026-04-24T08:40:31+00:00","breadcrumb":{"@id":"https:\/\/coptertech.ge\/en\/product\/insta360-link-2-pro\/#breadcrumb"},"inLanguage":"en-US","potentialAction":[{"@type":"ReadAction","target":["https:\/\/coptertech.ge\/en\/product\/insta360-link-2-pro\/"]}]},{"@type":"ImageObject","inLanguage":"en-US","@id":"https:\/\/coptertech.ge\/en\/product\/insta360-link-2-pro\/#primaryimage","url":"https:\/\/coptertech.ge\/wp-content\/uploads\/2026\/04\/1798_81f4240b-0fce-4abe-831b-55628c932e87.webp","contentUrl":"https:\/\/coptertech.ge\/wp-content\/uploads\/2026\/04\/1798_81f4240b-0fce-4abe-831b-55628c932e87.webp","width":1280,"height":1280},{"@type":"BreadcrumbList","@id":"https:\/\/coptertech.ge\/en\/product\/insta360-link-2-pro\/#breadcrumb","itemListElement":[{"@type":"ListItem","position":1,"name":"Home","item":"https:\/\/coptertech.ge\/en\/"},{"@type":"ListItem","position":2,"name":"Shop","item":"https:\/\/coptertech.ge\/en\/shop\/"},{"@type":"ListItem","position":3,"name":"Insta360 Link 2 Pro"}]},{"@type":"WebSite","@id":"https:\/\/coptertech.ge\/en\/#website","url":"https:\/\/coptertech.ge\/en\/","name":"Copter","description":"Shop","publisher":{"@id":"https:\/\/coptertech.ge\/en\/#organization"},"potentialAction":[{"@type":"SearchAction","target":{"@type":"EntryPoint","urlTemplate":"https:\/\/coptertech.ge\/en\/?s={search_term_string}"},"query-input":{"@type":"PropertyValueSpecification","valueRequired":true,"valueName":"search_term_string"}}],"inLanguage":"en-US"},{"@type":"Organization","@id":"https:\/\/coptertech.ge\/en\/#organization","name":"Copter Tech","url":"https:\/\/coptertech.ge\/en\/","logo":{"@type":"ImageObject","inLanguage":"en-US","@id":"https:\/\/coptertech.ge\/en\/#\/schema\/logo\/image\/","url":"https:\/\/coptertech.ge\/wp-content\/uploads\/2014\/12\/Copter-tech-logo.png","contentUrl":"https:\/\/coptertech.ge\/wp-content\/uploads\/2014\/12\/Copter-tech-logo.png","width":1400,"height":600,"caption":"Copter Tech"},"image":{"@id":"https:\/\/coptertech.ge\/en\/#\/schema\/logo\/image\/"}}]}},"_links":{"self":[{"href":"https:\/\/coptertech.ge\/en\/wp-json\/wp\/v2\/product\/36170","targetHints":{"allow":["GET"]}}],"collection":[{"href":"https:\/\/coptertech.ge\/en\/wp-json\/wp\/v2\/product"}],"about":[{"href":"https:\/\/coptertech.ge\/en\/wp-json\/wp\/v2\/types\/product"}],"wp:featuredmedia":[{"embeddable":true,"href":"https:\/\/coptertech.ge\/en\/wp-json\/wp\/v2\/media\/36171"}],"wp:attachment":[{"href":"https:\/\/coptertech.ge\/en\/wp-json\/wp\/v2\/media?parent=36170"}],"wp:term":[{"taxonomy":"product_brand","embeddable":true,"href":"https:\/\/coptertech.ge\/en\/wp-json\/wp\/v2\/product_brand?post=36170"},{"taxonomy":"product_cat","embeddable":true,"href":"https:\/\/coptertech.ge\/en\/wp-json\/wp\/v2\/product_cat?post=36170"},{"taxonomy":"product_tag","embeddable":true,"href":"https:\/\/coptertech.ge\/en\/wp-json\/wp\/v2\/product_tag?post=36170"}],"curies":[{"name":"wp","href":"https:\/\/api.w.org\/{rel}","templated":true}]}}